{"id":494,"date":"2024-11-01T16:46:26","date_gmt":"2024-11-01T15:46:26","guid":{"rendered":"https:\/\/www.prix-des-korrigans.ovh\/?page_id=494"},"modified":"2026-04-04T11:41:59","modified_gmt":"2026-04-04T09:41:59","slug":"sonotheque","status":"publish","type":"page","link":"https:\/\/www.prix-des-korrigans.ovh\/index.php\/sonotheque\/","title":{"rendered":"Sonoth\u00e8que"},"content":{"rendered":"<div class=\"post-content\">\n<figure class=\"wp-block-image size-full is-resized\"><img loading=\"lazy\" decoding=\"async\" width=\"1631\" height=\"601\" src=\"https:\/\/www.prix-des-korrigans.ovh\/wp-content\/uploads\/2025\/09\/sonotheque-banderolle.png\" alt=\"\" class=\"wp-image-665\" style=\"width:1200px;height:auto\" srcset=\"https:\/\/www.prix-des-korrigans.ovh\/wp-content\/uploads\/2025\/09\/sonotheque-banderolle.png 1631w, https:\/\/www.prix-des-korrigans.ovh\/wp-content\/uploads\/2025\/09\/sonotheque-banderolle-300x111.png 300w, https:\/\/www.prix-des-korrigans.ovh\/wp-content\/uploads\/2025\/09\/sonotheque-banderolle-1024x377.png 1024w, https:\/\/www.prix-des-korrigans.ovh\/wp-content\/uploads\/2025\/09\/sonotheque-banderolle-768x283.png 768w, https:\/\/www.prix-des-korrigans.ovh\/wp-content\/uploads\/2025\/09\/sonotheque-banderolle-1536x566.png 1536w\" sizes=\"auto, (max-width: 1631px) 100vw, 1631px\" \/><\/figure>\n\n\n\n<p><strong>Partager le go\u00fbt de lire, c&rsquo;est aussi \u00e9couter et r\u00e9-\u00e9couter les histoires que l&rsquo;on aime. Voici les sonores de quelques uns de nos livres pour prolonger le bonheur.<\/strong><\/p>\n\n\n\n<div class=\"wp-block-columns is-layout-flex wp-container-core-columns-is-layout-9d6595d7 wp-block-columns-is-layout-flex\">\n<div class=\"wp-block-column is-layout-flow wp-block-column-is-layout-flow\">\n<p><strong>Quoi de neuf sur les ondes en lien avec le prix des korrigans?<\/strong><\/p>\n\n\n\n<p>Lors du festival de S\u00e9rent, les korrigans ont envahi les ondes des radios:<\/p>\n\n\n\n<p>Tout d&rsquo;abord une lecture collective autour de la s\u00e9lection 2025-2026 des livres des korrigans dans le TIMBRE LIBRE SUR TIMBRE FM: Pour l&rsquo;\u00e9couter <a href=\"https:\/\/timbrefm.fr\/fr\/programs\/11375\/episodes\/80190\" data-type=\"link\" data-id=\"https:\/\/timbrefm.fr\/fr\/programs\/11375\/episodes\/80190\">cliquez ici<\/a><\/p>\n\n\n\n<p>Si vous voulez entendre les pauses cartables en direct du festival de S\u00e9rent, c&rsquo;est ici:<\/p>\n\n\n\n<p><a href=\"https:\/\/timbrefm.fr\/fr\/programs\/11365\/episodes\/80188\" data-type=\"link\" data-id=\"https:\/\/timbrefm.fr\/fr\/programs\/11365\/episodes\/80188\">Pause cartable du festival de S\u00e9rent<\/a><\/p>\n\n\n\n<p><a href=\"https:\/\/timbrefm.fr\/fr\/programs\/11365\/episodes\/80189\" data-type=\"link\" data-id=\"https:\/\/timbrefm.fr\/fr\/programs\/11365\/episodes\/80189\">Pause cartable 2 du festival de S\u00e9rent<\/a><\/p>\n<\/div>\n<\/div>\n\n\n\n<p><\/p>\n\n\n\n<div class=\"wp-block-columns is-layout-flex wp-container-core-columns-is-layout-9d6595d7 wp-block-columns-is-layout-flex\">\n<div class=\"wp-block-column is-layout-flow wp-block-column-is-layout-flow\">\n<p>Pour d\u00e9couvrir le texte de \u00ab\u00a0113 raisons d&rsquo;esp\u00e9rer\u00a0\u00bb lu par Marie Colot, l&rsquo;autrice, c&rsquo;est ici:<\/p>\n\n\n\n<p><strong><a href=\"https:\/\/numeres.net\/9782210974739\/res\/9782210974739-son-01.mp3\" data-type=\"link\" data-id=\"https:\/\/numeres.net\/9782210974739\/res\/9782210974739-son-01.mp3\">113 raisons d&rsquo;esp\u00e9rer<\/a><\/strong><\/p>\n<\/div>\n\n\n\n<div class=\"wp-block-column is-layout-flow wp-block-column-is-layout-flow\">\n<figure class=\"wp-block-image size-full\"><img loading=\"lazy\" decoding=\"async\" width=\"325\" height=\"500\" src=\"http:\/\/www.prix-des-korrigans.ovh\/wp-content\/uploads\/2026\/01\/113-raisons-desperer.jpeg\" alt=\"\" class=\"wp-image-796\" srcset=\"https:\/\/www.prix-des-korrigans.ovh\/wp-content\/uploads\/2026\/01\/113-raisons-desperer.jpeg 325w, https:\/\/www.prix-des-korrigans.ovh\/wp-content\/uploads\/2026\/01\/113-raisons-desperer-195x300.jpeg 195w\" sizes=\"auto, (max-width: 325px) 100vw, 325px\" \/><\/figure>\n<\/div>\n<\/div>\n\n\n\n<div class=\"wp-block-columns is-layout-flex wp-container-core-columns-is-layout-9d6595d7 wp-block-columns-is-layout-flex\">\n<div class=\"wp-block-column is-layout-flow wp-block-column-is-layout-flow\">\n<figure class=\"wp-block-image size-large\"><img loading=\"lazy\" decoding=\"async\" width=\"1024\" height=\"379\" src=\"https:\/\/www.prix-des-korrigans.ovh\/wp-content\/uploads\/2025\/09\/bandeau-montagne-1024x379.png\" alt=\"\" class=\"wp-image-697\" srcset=\"https:\/\/www.prix-des-korrigans.ovh\/wp-content\/uploads\/2025\/09\/bandeau-montagne-1024x379.png 1024w, https:\/\/www.prix-des-korrigans.ovh\/wp-content\/uploads\/2025\/09\/bandeau-montagne-300x111.png 300w, https:\/\/www.prix-des-korrigans.ovh\/wp-content\/uploads\/2025\/09\/bandeau-montagne-768x285.png 768w, https:\/\/www.prix-des-korrigans.ovh\/wp-content\/uploads\/2025\/09\/bandeau-montagne.png 1163w\" sizes=\"auto, (max-width: 1024px) 100vw, 1024px\" \/><\/figure>\n\n\n\n<p><\/p>\n<\/div>\n\n\n\n<div class=\"wp-block-column is-layout-flow wp-block-column-is-layout-flow\">\n<figure class=\"wp-block-video\"><video height=\"144\" style=\"aspect-ratio: 256 \/ 144;\" width=\"256\" controls src=\"https:\/\/www.prix-des-korrigans.ovh\/wp-content\/uploads\/2025\/09\/Toute-une-montagne_-Marie-Colot-et-Fran_oise-Rogier-_lecture-animee.mp4\"><\/video><\/figure>\n<\/div>\n<\/div>\n\n\n\n<p><\/p>\n<\/div>","protected":false},"excerpt":{"rendered":"<p>Partager le go\u00fbt de lire, c&rsquo;est aussi \u00e9couter et r\u00e9-\u00e9couter les histoires<a href=\"https:\/\/www.prix-des-korrigans.ovh\/index.php\/sonotheque\/\">lire<i class=\"fa fa-long-arrow-right\" aria-hidden=\"true\"><\/i><\/a><\/p>\n","protected":false},"author":1,"featured_media":0,"parent":0,"menu_order":0,"comment_status":"closed","ping_status":"closed","template":"","meta":{"footnotes":""},"class_list":["post-494","page","type-page","status-publish","hentry"],"_links":{"self":[{"href":"https:\/\/www.prix-des-korrigans.ovh\/index.php\/wp-json\/wp\/v2\/pages\/494","targetHints":{"allow":["GET"]}}],"collection":[{"href":"https:\/\/www.prix-des-korrigans.ovh\/index.php\/wp-json\/wp\/v2\/pages"}],"about":[{"href":"https:\/\/www.prix-des-korrigans.ovh\/index.php\/wp-json\/wp\/v2\/types\/page"}],"author":[{"embeddable":true,"href":"https:\/\/www.prix-des-korrigans.ovh\/index.php\/wp-json\/wp\/v2\/users\/1"}],"replies":[{"embeddable":true,"href":"https:\/\/www.prix-des-korrigans.ovh\/index.php\/wp-json\/wp\/v2\/comments?post=494"}],"version-history":[{"count":15,"href":"https:\/\/www.prix-des-korrigans.ovh\/index.php\/wp-json\/wp\/v2\/pages\/494\/revisions"}],"predecessor-version":[{"id":818,"href":"https:\/\/www.prix-des-korrigans.ovh\/index.php\/wp-json\/wp\/v2\/pages\/494\/revisions\/818"}],"wp:attachment":[{"href":"https:\/\/www.prix-des-korrigans.ovh\/index.php\/wp-json\/wp\/v2\/media?parent=494"}],"curies":[{"name":"wp","href":"https:\/\/api.w.org\/{rel}","templated":true}]}}