{"id":275,"date":"2023-07-31T22:08:45","date_gmt":"2023-07-31T20:08:45","guid":{"rendered":"http:\/\/www.prix-des-korrigans.ovh\/?page_id=275"},"modified":"2025-10-09T17:57:13","modified_gmt":"2025-10-09T15:57:13","slug":"mediatheques","status":"publish","type":"page","link":"https:\/\/www.prix-des-korrigans.ovh\/index.php\/mediatheques\/","title":{"rendered":"Partenaires"},"content":{"rendered":"<div class=\"post-content\">\n<figure class=\"wp-block-image size-large is-resized\"><img loading=\"lazy\" decoding=\"async\" width=\"1024\" height=\"330\" src=\"https:\/\/www.prix-des-korrigans.ovh\/wp-content\/uploads\/2025\/10\/partenaires1-oct-2025-1-1024x330.png\" alt=\"\" class=\"wp-image-729\" style=\"width:863px;height:auto\" srcset=\"https:\/\/www.prix-des-korrigans.ovh\/wp-content\/uploads\/2025\/10\/partenaires1-oct-2025-1-1024x330.png 1024w, https:\/\/www.prix-des-korrigans.ovh\/wp-content\/uploads\/2025\/10\/partenaires1-oct-2025-1-300x97.png 300w, https:\/\/www.prix-des-korrigans.ovh\/wp-content\/uploads\/2025\/10\/partenaires1-oct-2025-1-768x248.png 768w, https:\/\/www.prix-des-korrigans.ovh\/wp-content\/uploads\/2025\/10\/partenaires1-oct-2025-1.png 1221w\" sizes=\"auto, (max-width: 1024px) 100vw, 1024px\" \/><\/figure>\n\n\n\n<p>Notre prix a la volont\u00e9 de rassembler les \u00e9nergies autour du livre.<\/p>\n\n\n\n<p>Tout le monde est bienvenu pour partager le plaisir de lire et les livres des korrigans.<\/p>\n\n\n\n<p>Au del\u00e0 de ces partages, certaines structures nous apportent un soutien plus fort et se positionnent en partenaires.<\/p>\n\n\n\n<p>Toute m\u00e9diath\u00e8que qui accueille des classes qui participent au prix des korrigans est tout naturellement partenaire du prix.<\/p>\n\n\n\n<p>Notre prix promeut en valeur \u00e9thique l&rsquo;achat des livres en librairies ind\u00e9pendantes.<\/p>\n\n\n\n<p>Au del\u00e0 des ventes de livres, certaines librairies s&rsquo;engagent pour accompagner notre prix et deviennent partenaires.<\/p>\n\n\n\n<p><strong>\u00catre partenaire du prix des korrigans, pour une librairie, signifie un triple engagement:<\/strong><\/p>\n\n\n\n<ol class=\"wp-block-list\">\n<li><strong>Proposer les s\u00e9lections de livres des korrigans avec une remise de 9%<\/strong><\/li>\n\n\n\n<li><strong>Proposer des coups de c\u0153ur pour les comit\u00e9s de s\u00e9lection<\/strong><\/li>\n\n\n\n<li><strong>Obtenir tant que faire se peut des services presse pour permettre \u00e0 ces coups de c\u0153ur de circuler au sein des comit\u00e9s de s\u00e9lection.<\/strong><\/li>\n<\/ol>\n\n\n\n<p>Bien \u00e9videmment nous continuerons d&rsquo;encourager l&rsquo;achat des s\u00e9lections en librairies ind\u00e9pendantes de proximit\u00e9 pour toute \u00e9cole qui se rapprocherait de nous.<\/p>\n<\/div>","protected":false},"excerpt":{"rendered":"<p>Notre prix a la volont\u00e9 de rassembler les \u00e9nergies autour du livre.<a href=\"https:\/\/www.prix-des-korrigans.ovh\/index.php\/mediatheques\/\">lire<i class=\"fa fa-long-arrow-right\" aria-hidden=\"true\"><\/i><\/a><\/p>\n","protected":false},"author":1,"featured_media":0,"parent":0,"menu_order":0,"comment_status":"closed","ping_status":"closed","template":"","meta":{"footnotes":""},"class_list":["post-275","page","type-page","status-publish","hentry"],"_links":{"self":[{"href":"https:\/\/www.prix-des-korrigans.ovh\/index.php\/wp-json\/wp\/v2\/pages\/275","targetHints":{"allow":["GET"]}}],"collection":[{"href":"https:\/\/www.prix-des-korrigans.ovh\/index.php\/wp-json\/wp\/v2\/pages"}],"about":[{"href":"https:\/\/www.prix-des-korrigans.ovh\/index.php\/wp-json\/wp\/v2\/types\/page"}],"author":[{"embeddable":true,"href":"https:\/\/www.prix-des-korrigans.ovh\/index.php\/wp-json\/wp\/v2\/users\/1"}],"replies":[{"embeddable":true,"href":"https:\/\/www.prix-des-korrigans.ovh\/index.php\/wp-json\/wp\/v2\/comments?post=275"}],"version-history":[{"count":15,"href":"https:\/\/www.prix-des-korrigans.ovh\/index.php\/wp-json\/wp\/v2\/pages\/275\/revisions"}],"predecessor-version":[{"id":732,"href":"https:\/\/www.prix-des-korrigans.ovh\/index.php\/wp-json\/wp\/v2\/pages\/275\/revisions\/732"}],"wp:attachment":[{"href":"https:\/\/www.prix-des-korrigans.ovh\/index.php\/wp-json\/wp\/v2\/media?parent=275"}],"curies":[{"name":"wp","href":"https:\/\/api.w.org\/{rel}","templated":true}]}}