{"id":261,"date":"2023-07-29T22:11:39","date_gmt":"2023-07-29T20:11:39","guid":{"rendered":"http:\/\/www.prix-des-korrigans.ovh\/?page_id=261"},"modified":"2023-07-31T21:54:21","modified_gmt":"2023-07-31T19:54:21","slug":"association-korrigans-et-compagnie","status":"publish","type":"page","link":"https:\/\/www.prix-des-korrigans.ovh\/index.php\/association-korrigans-et-compagnie\/","title":{"rendered":"Association \u00ab\u00a0Korrigans et compagnie\u00a0\u00bb"},"content":{"rendered":"<div class=\"post-content\">\n<figure class=\"wp-block-image\"><img loading=\"lazy\" decoding=\"async\" width=\"1706\" height=\"208\" src=\"http:\/\/www.prix-des-korrigans.ovh\/wp-content\/uploads\/2023\/07\/vie-asso.png\" alt=\"\" class=\"wp-image-264\" srcset=\"https:\/\/www.prix-des-korrigans.ovh\/wp-content\/uploads\/2023\/07\/vie-asso.png 1706w, https:\/\/www.prix-des-korrigans.ovh\/wp-content\/uploads\/2023\/07\/vie-asso-300x37.png 300w, https:\/\/www.prix-des-korrigans.ovh\/wp-content\/uploads\/2023\/07\/vie-asso-1024x125.png 1024w, https:\/\/www.prix-des-korrigans.ovh\/wp-content\/uploads\/2023\/07\/vie-asso-768x94.png 768w, https:\/\/www.prix-des-korrigans.ovh\/wp-content\/uploads\/2023\/07\/vie-asso-1536x187.png 1536w\" sizes=\"auto, (max-width: 1706px) 100vw, 1706px\" \/><\/figure>\n\n\n\n<p>L&rsquo;association <strong>\u00ab\u00a0Korrigans et compagnie\u00a0\u00bb <\/strong>a vu le jour le 19 juin 2023. Apr\u00e8s le succ\u00e8s de la premi\u00e8re ann\u00e9e avec 2734 votants, il est apparu important de se structurer avec une association.<\/p>\n\n\n\n<p>Cette association a pour objet de mener des animations et des actions&nbsp;autour de la litt\u00e9rature de jeunesse, notamment par le biais du <strong>Prix des Korrigans.<\/strong><\/p>\n\n\n\n<p>Elle a aussi pour objet de mettre en lien les acteurs du livre sur le territoire.&nbsp;<\/p>\n\n\n\n<p>Elle se fixe \u00e9galement pour mission de permettre l\u2019acc\u00e8s aux livres pour les publics sp\u00e9cifiques.<\/p>\n\n\n\n<p>Si vous souhaitez nous rejoindre, il y a de la place pour toutes les belles \u00e9nergies. L&rsquo;adh\u00e9sion est \u00e0 prix libre car l&rsquo;important c&rsquo;est ce que l&rsquo;on donne pour la lecture pas ce que l&rsquo;on donne pour l&rsquo;adh\u00e9sion.<\/p>\n\n\n\n<p>Si vous voulez en savoir plus sur notre fonctionnement, voici le lien pour t\u00e9l\u00e9charger les statuts: <a href=\"https:\/\/nuage.cpc-ploermel.fr\/index.php\/s\/Xej5PqbffQYr4XB\">statuts de l&rsquo;association \u00ab\u00a0Korrigans et compagnie\u00a0\u00bb<\/a><\/p>\n\n\n\n<p>Pour t\u00e9l\u00e9charger le bulletin d&rsquo;adh\u00e9sion, voici le lien: <a href=\"https:\/\/nuage.cpc-ploermel.fr\/index.php\/s\/HH2FKZi7PnY7JPg\">bulletin d&rsquo;adh\u00e9sion<\/a><\/p>\n\n\n\n<p><\/p>\n<\/div>","protected":false},"excerpt":{"rendered":"<p>L&rsquo;association \u00ab\u00a0Korrigans et compagnie\u00a0\u00bb a vu le jour le 19 juin 2023.<a href=\"https:\/\/www.prix-des-korrigans.ovh\/index.php\/association-korrigans-et-compagnie\/\">lire<i class=\"fa fa-long-arrow-right\" aria-hidden=\"true\"><\/i><\/a><\/p>\n","protected":false},"author":1,"featured_media":0,"parent":0,"menu_order":0,"comment_status":"closed","ping_status":"closed","template":"","meta":{"footnotes":""},"class_list":["post-261","page","type-page","status-publish","hentry"],"_links":{"self":[{"href":"https:\/\/www.prix-des-korrigans.ovh\/index.php\/wp-json\/wp\/v2\/pages\/261","targetHints":{"allow":["GET"]}}],"collection":[{"href":"https:\/\/www.prix-des-korrigans.ovh\/index.php\/wp-json\/wp\/v2\/pages"}],"about":[{"href":"https:\/\/www.prix-des-korrigans.ovh\/index.php\/wp-json\/wp\/v2\/types\/page"}],"author":[{"embeddable":true,"href":"https:\/\/www.prix-des-korrigans.ovh\/index.php\/wp-json\/wp\/v2\/users\/1"}],"replies":[{"embeddable":true,"href":"https:\/\/www.prix-des-korrigans.ovh\/index.php\/wp-json\/wp\/v2\/comments?post=261"}],"version-history":[{"count":2,"href":"https:\/\/www.prix-des-korrigans.ovh\/index.php\/wp-json\/wp\/v2\/pages\/261\/revisions"}],"predecessor-version":[{"id":266,"href":"https:\/\/www.prix-des-korrigans.ovh\/index.php\/wp-json\/wp\/v2\/pages\/261\/revisions\/266"}],"wp:attachment":[{"href":"https:\/\/www.prix-des-korrigans.ovh\/index.php\/wp-json\/wp\/v2\/media?parent=261"}],"curies":[{"name":"wp","href":"https:\/\/api.w.org\/{rel}","templated":true}]}}