{"id":126,"date":"2023-07-19T21:58:11","date_gmt":"2023-07-19T19:58:11","guid":{"rendered":"http:\/\/www.prix-des-korrigans.ovh\/?page_id=126"},"modified":"2025-12-31T10:10:03","modified_gmt":"2025-12-31T09:10:03","slug":"mise-en-appetit-de-lecture","status":"publish","type":"page","link":"https:\/\/www.prix-des-korrigans.ovh\/index.php\/mise-en-appetit-de-lecture\/","title":{"rendered":"\u00e9dition 2024-2025"},"content":{"rendered":"<div class=\"post-content\">\n<figure class=\"wp-block-image is-resized\"><img loading=\"lazy\" decoding=\"async\" width=\"1705\" height=\"190\" src=\"http:\/\/www.prix-des-korrigans.ovh\/wp-content\/uploads\/2023\/07\/outils-classe.png\" alt=\"\" class=\"wp-image-273\" style=\"width:1200px;height:133px\" srcset=\"https:\/\/www.prix-des-korrigans.ovh\/wp-content\/uploads\/2023\/07\/outils-classe.png 1705w, https:\/\/www.prix-des-korrigans.ovh\/wp-content\/uploads\/2023\/07\/outils-classe-300x33.png 300w, https:\/\/www.prix-des-korrigans.ovh\/wp-content\/uploads\/2023\/07\/outils-classe-1024x114.png 1024w, https:\/\/www.prix-des-korrigans.ovh\/wp-content\/uploads\/2023\/07\/outils-classe-768x86.png 768w, https:\/\/www.prix-des-korrigans.ovh\/wp-content\/uploads\/2023\/07\/outils-classe-1536x171.png 1536w\" sizes=\"auto, (max-width: 1705px) 100vw, 1705px\" \/><\/figure>\n\n\n\n<figure class=\"wp-block-image size-large\"><img loading=\"lazy\" decoding=\"async\" width=\"1024\" height=\"262\" src=\"http:\/\/www.prix-des-korrigans.ovh\/wp-content\/uploads\/2024\/06\/entete-mail-1024x262.png\" alt=\"\" class=\"wp-image-440\" srcset=\"https:\/\/www.prix-des-korrigans.ovh\/wp-content\/uploads\/2024\/06\/entete-mail-1024x262.png 1024w, https:\/\/www.prix-des-korrigans.ovh\/wp-content\/uploads\/2024\/06\/entete-mail-300x77.png 300w, https:\/\/www.prix-des-korrigans.ovh\/wp-content\/uploads\/2024\/06\/entete-mail-768x197.png 768w, https:\/\/www.prix-des-korrigans.ovh\/wp-content\/uploads\/2024\/06\/entete-mail.png 1321w\" sizes=\"auto, (max-width: 1024px) 100vw, 1024px\" \/><\/figure>\n\n\n\n<figure class=\"wp-block-image size-full is-resized\"><img loading=\"lazy\" decoding=\"async\" width=\"720\" height=\"660\" src=\"http:\/\/www.prix-des-korrigans.ovh\/wp-content\/uploads\/2024\/11\/image-niveau1.png\" alt=\"\" class=\"wp-image-495\" style=\"width:249px;height:auto\" srcset=\"https:\/\/www.prix-des-korrigans.ovh\/wp-content\/uploads\/2024\/11\/image-niveau1.png 720w, https:\/\/www.prix-des-korrigans.ovh\/wp-content\/uploads\/2024\/11\/image-niveau1-300x275.png 300w\" sizes=\"auto, (max-width: 720px) 100vw, 720px\" \/><\/figure>\n\n\n\n<p>Un petit retour sur le prix des korrigans 2024-2025. Vous avez \u00e9t\u00e9 plus de 4000 \u00e0 voter en classes ou en m\u00e9diath\u00e8ques pour choisir les quatre laur\u00e9ats pour le prix des korrigans 2024-2025.<\/p>\n\n\n\n<p>En cliquant ci-dessous vous pourrez revoir les films qui ont r\u00e9v\u00e9l\u00e9 les r\u00e9sultats:<\/p>\n\n\n\n<p><a href=\"https:\/\/video.toutatice.fr\/video\/52101-resultat-prix-korrigans-niv1\/\" data-type=\"link\" data-id=\"https:\/\/video.toutatice.fr\/video\/52101-resultat-prix-korrigans-niv1\/\">R\u00e9sultat du prix des korrigans 2024-2025 pour le niveau 1<\/a><\/p>\n\n\n\n<p><a href=\"https:\/\/video.toutatice.fr\/video\/52099-resultat-prix-korrigans-niv2\/\" data-type=\"link\" data-id=\"https:\/\/video.toutatice.fr\/video\/52099-resultat-prix-korrigans-niv2\/\">R\u00e9sultat du prix des korrigans 2024-2025 pour le niveau 2<\/a><\/p>\n\n\n\n<p><a href=\"https:\/\/video.toutatice.fr\/video\/52100-prix-des-korrigans-2025-resultats-niveau-3\/\" data-type=\"link\" data-id=\"https:\/\/video.toutatice.fr\/video\/52100-prix-des-korrigans-2025-resultats-niveau-3\/\">R\u00e9sultat du prix des korrigans pour le niveau 3<\/a><\/p>\n\n\n\n<p><a href=\"https:\/\/video.toutatice.fr\/video\/52102-resultat-prix-korrigans-niv4\/\" data-type=\"link\" data-id=\"https:\/\/video.toutatice.fr\/video\/52102-resultat-prix-korrigans-niv4\/\">R\u00e9sultat du prix des korrigans pour le niveau 4<\/a><\/p>\n\n\n\n<p><strong>Petits retours sur les propositions de ce mill\u00e9sime.<\/strong><\/p>\n\n\n\n<p class=\"has-text-align-center\">Des activit\u00e9s de mises en app\u00e9tit avant de faire d\u00e9couvrir les livres aux \u00e9l\u00e8ves:<\/p>\n\n\n\n<p><\/p>\n\n\n\n<p class=\"has-text-align-center\"><a href=\"https:\/\/nuage.cpc-ploermel.fr\/index.php\/s\/K46XaHZdK5giP5M\">lien vers les fichiers<\/a><\/p>\n\n\n\n<p class=\"has-text-align-center\">Pour acc\u00e9der aux livrets d&rsquo;exploitations p\u00e9dagogiques:<\/p>\n\n\n\n<p class=\"has-text-align-center\"><a href=\"https:\/\/nuage.cpc-ploermel.fr\/index.php\/s\/eq8RTRGDd3FTgok\">niveau 1<\/a><\/p>\n\n\n\n<p class=\"has-text-align-center\"><a href=\"https:\/\/nuage.cpc-ploermel.fr\/index.php\/s\/NaiWKJEcrCMw658\">niveau 2<\/a><\/p>\n\n\n\n<p class=\"has-text-align-center\"><a href=\"https:\/\/nuage.cpc-ploermel.fr\/index.php\/s\/ZXkQ9moHPzqsXJS\">niveau 3<\/a><\/p>\n\n\n\n<p class=\"has-text-align-center\"><a href=\"https:\/\/nuage.cpc-ploermel.fr\/index.php\/s\/X63HiwSZLodcXxB\">niveau 4<\/a><\/p>\n\n\n\n<p>Un livret d&rsquo;activit\u00e9s pour le cycle 1, c&rsquo;est <a href=\"https:\/\/nuage.cpc-ploermel.fr\/index.php\/s\/2DfG5sLDd7YmCCm\">ici <\/a>(merci Marie!)<\/p>\n\n\n\n<p>Proposition d&rsquo;activit\u00e9 autour de \u00ab\u00a0La foug\u00e8re et le bambou\u00a0\u00bb: d\u00e9coupage du texte en 4 parties et invention par les \u00e9l\u00e8ves de Pascale (merci!!!) des exercices pour chacune des parties. C&rsquo;est <a href=\"https:\/\/nuage.cpc-ploermel.fr\/index.php\/s\/en53EKqbmpf4Ky9\">ici<\/a>!<\/p>\n\n\n\n<p>Un fichier pour cr\u00e9er un nouveau \u00ab\u00a0nouveau canard\u00a0\u00bb avec des formes g\u00e9om\u00e9triques \u00e0 imprimer sur papier couleur pour travailler le d\u00e9coupage \/ collage et la cr\u00e9ativit\u00e9 (merci Claire!): \u00e0 retrouver sur ce <a href=\"https:\/\/nuage.cpc-ploermel.fr\/index.php\/s\/xn7ijdqe4giAAnj\">lien<\/a>!<\/p>\n\n\n\n<p>Des pistes de prolongements pour un travail artistique autour de l&rsquo;album \u00ab\u00a0Un beau dessin\u00a0\u00bb (merci Karine!), en cliquant sur ce <a href=\"https:\/\/nuage.cpc-ploermel.fr\/index.php\/s\/seYYkRbo3GEmpma\">lien<\/a><\/p>\n\n\n\n<figure class=\"wp-block-image size-full is-resized\"><img loading=\"lazy\" decoding=\"async\" width=\"326\" height=\"309\" src=\"https:\/\/www.prix-des-korrigans.ovh\/wp-content\/uploads\/2025\/04\/1.png\" alt=\"\" class=\"wp-image-533\" style=\"width:199px;height:auto\" srcset=\"https:\/\/www.prix-des-korrigans.ovh\/wp-content\/uploads\/2025\/04\/1.png 326w, https:\/\/www.prix-des-korrigans.ovh\/wp-content\/uploads\/2025\/04\/1-300x284.png 300w\" sizes=\"auto, (max-width: 326px) 100vw, 326px\" \/><\/figure>\n\n\n\n<figure class=\"wp-block-image size-full is-resized\"><img loading=\"lazy\" decoding=\"async\" width=\"298\" height=\"370\" src=\"https:\/\/www.prix-des-korrigans.ovh\/wp-content\/uploads\/2025\/04\/2.png\" alt=\"\" class=\"wp-image-534\" style=\"width:199px;height:auto\" srcset=\"https:\/\/www.prix-des-korrigans.ovh\/wp-content\/uploads\/2025\/04\/2.png 298w, https:\/\/www.prix-des-korrigans.ovh\/wp-content\/uploads\/2025\/04\/2-242x300.png 242w\" sizes=\"auto, (max-width: 298px) 100vw, 298px\" \/><\/figure>\n\n\n\n<p>La m\u00e9diath\u00e8que de Mauron nous propose de construire un canard articul\u00e9, <a href=\"https:\/\/nuage.cpc-ploermel.fr\/index.php\/s\/BrS32z5HbfkdyCT\" data-type=\"link\" data-id=\"https:\/\/nuage.cpc-ploermel.fr\/index.php\/s\/BrS32z5HbfkdyCT\">le voici<\/a><\/p>\n\n\n\n<p>Cette m\u00e9diath\u00e8que nous a aussi envoy\u00e9 un MEMORY pour le niveau 1, <a href=\"https:\/\/nuage.cpc-ploermel.fr\/index.php\/s\/PefDGRCj3A3EQPW\" data-type=\"link\" data-id=\"https:\/\/nuage.cpc-ploermel.fr\/index.php\/s\/PefDGRCj3A3EQPW\">le voici<\/a><\/p>\n\n\n\n<p>Si vous voulez un livret pour que vos \u00e9l\u00e8ves suivent le prix des korrigans, <a href=\"https:\/\/nuage.cpc-ploermel.fr\/index.php\/s\/gncB9dpYdSn4jbe\" data-type=\"link\" data-id=\"https:\/\/nuage.cpc-ploermel.fr\/index.php\/s\/gncB9dpYdSn4jbe\">voici celui de la m\u00e9diath\u00e8que de Mauron<\/a><\/p>\n\n\n\n<p>Voici la contribution d&rsquo;une coll\u00e8gue PE pour le niveau 3: \u00ab\u00a0<a href=\"https:\/\/nuage.cpc-ploermel.fr\/index.php\/s\/FPqqzZ2tAGD9sWk\" data-type=\"link\" data-id=\"https:\/\/nuage.cpc-ploermel.fr\/index.php\/s\/FPqqzZ2tAGD9sWk\">livret d&rsquo;exploitation-niv 3<\/a>\u00ab\u00a0<\/p>\n\n\n\n<p>Pour faire vivre notre prix 2024-2025, vous pouvez t\u00e9l\u00e9charger nos livrets avec des pistes d&rsquo;exploitation pour nos livres.<\/p>\n\n\n\n<p>Livret niveau 1: <a href=\"https:\/\/nuage.cpc-ploermel.fr\/index.php\/s\/9RbA2GAW3RJeT8X\" data-type=\"link\" data-id=\"https:\/\/nuage.cpc-ploermel.fr\/index.php\/s\/9RbA2GAW3RJeT8X\">t\u00e9l\u00e9charger<\/a><\/p>\n\n\n\n<p>Livret niveau 2: <a href=\"https:\/\/nuage.cpc-ploermel.fr\/index.php\/s\/mMLNarn4Dxfr9kB\" data-type=\"link\" data-id=\"https:\/\/nuage.cpc-ploermel.fr\/index.php\/s\/mMLNarn4Dxfr9kB\">t\u00e9l\u00e9charger<\/a><\/p>\n\n\n\n<p>Livret niveau 3: <a href=\"https:\/\/nuage.cpc-ploermel.fr\/index.php\/s\/wiCe9MkwCKewWNP\" data-type=\"link\" data-id=\"https:\/\/nuage.cpc-ploermel.fr\/index.php\/s\/wiCe9MkwCKewWNP\">t\u00e9l\u00e9charger<\/a><\/p>\n\n\n\n<p>Livret niveau 4: <a href=\"https:\/\/nuage.cpc-ploermel.fr\/index.php\/s\/FSwxyTa66jxyyke\" data-type=\"link\" data-id=\"https:\/\/nuage.cpc-ploermel.fr\/index.php\/s\/FSwxyTa66jxyyke\">t\u00e9l\u00e9charger<\/a><\/p>\n\n\n\n<p>Tout au long de l&rsquo;ann\u00e9e, nous vous proposerons des activit\u00e9s p\u00e9dagogiques pour explorer les livres.<\/p>\n\n\n\n<figure class=\"wp-block-image size-large\"><img loading=\"lazy\" decoding=\"async\" width=\"1024\" height=\"138\" src=\"http:\/\/www.prix-des-korrigans.ovh\/wp-content\/uploads\/2024\/01\/janvier-lecture-1024x138.png\" alt=\"\" class=\"wp-image-369\" srcset=\"https:\/\/www.prix-des-korrigans.ovh\/wp-content\/uploads\/2024\/01\/janvier-lecture-1024x138.png 1024w, https:\/\/www.prix-des-korrigans.ovh\/wp-content\/uploads\/2024\/01\/janvier-lecture-300x41.png 300w, https:\/\/www.prix-des-korrigans.ovh\/wp-content\/uploads\/2024\/01\/janvier-lecture-768x104.png 768w, https:\/\/www.prix-des-korrigans.ovh\/wp-content\/uploads\/2024\/01\/janvier-lecture.png 1457w\" sizes=\"auto, (max-width: 1024px) 100vw, 1024px\" \/><\/figure>\n\n\n\n<div class=\"wp-block-columns is-layout-flex wp-container-core-columns-is-layout-9d6595d7 wp-block-columns-is-layout-flex\">\n<div class=\"wp-block-column is-layout-flow wp-block-column-is-layout-flow\">\n<p>Nous voici repartis pour une ann\u00e9e de lecture dans nos classes et nos m\u00e9diath\u00e8ques.<\/p>\n\n\n\n<p><\/p>\n\n\n\n<p>Les korrigans vous invitent \u00e0 explorer les cartes d&#8217;empathie. Qu&rsquo;est ce que cela?<\/p>\n\n\n\n<p>C&rsquo;est imaginer tout ce que peut ressentir, voir, entendre, comprendre un personnage d&rsquo;un livre. Vous pouvez la d\u00e9corer comme vous voulez.<\/p>\n\n\n\n<figure class=\"wp-block-image size-large\"><img loading=\"lazy\" decoding=\"async\" width=\"1024\" height=\"706\" src=\"http:\/\/www.prix-des-korrigans.ovh\/wp-content\/uploads\/2024\/01\/carte-empathie-1024x706.png\" alt=\"\" class=\"wp-image-374\" srcset=\"https:\/\/www.prix-des-korrigans.ovh\/wp-content\/uploads\/2024\/01\/carte-empathie-1024x706.png 1024w, https:\/\/www.prix-des-korrigans.ovh\/wp-content\/uploads\/2024\/01\/carte-empathie-300x207.png 300w, https:\/\/www.prix-des-korrigans.ovh\/wp-content\/uploads\/2024\/01\/carte-empathie-768x530.png 768w, https:\/\/www.prix-des-korrigans.ovh\/wp-content\/uploads\/2024\/01\/carte-empathie.png 1515w\" sizes=\"auto, (max-width: 1024px) 100vw, 1024px\" \/><\/figure>\n<\/div>\n<\/div>\n\n\n\n<figure class=\"wp-block-image size-large\"><img loading=\"lazy\" decoding=\"async\" width=\"1024\" height=\"113\" src=\"http:\/\/www.prix-des-korrigans.ovh\/wp-content\/uploads\/2023\/12\/feuilleton-decembre-1024x113.png\" alt=\"\" class=\"wp-image-346\" srcset=\"https:\/\/www.prix-des-korrigans.ovh\/wp-content\/uploads\/2023\/12\/feuilleton-decembre-1024x113.png 1024w, https:\/\/www.prix-des-korrigans.ovh\/wp-content\/uploads\/2023\/12\/feuilleton-decembre-300x33.png 300w, https:\/\/www.prix-des-korrigans.ovh\/wp-content\/uploads\/2023\/12\/feuilleton-decembre-768x84.png 768w, https:\/\/www.prix-des-korrigans.ovh\/wp-content\/uploads\/2023\/12\/feuilleton-decembre-1536x169.png 1536w, https:\/\/www.prix-des-korrigans.ovh\/wp-content\/uploads\/2023\/12\/feuilleton-decembre.png 1784w\" sizes=\"auto, (max-width: 1024px) 100vw, 1024px\" \/><\/figure>\n\n\n\n<p>Le th\u00e9\u00e2tre de papier, vous connaissez&nbsp;?<\/p>\n\n\n\n<p>C\u2019est une forme th\u00e9\u00e2trale n\u00e9e en Angleterre au milieu du XIX\u00e8me si\u00e8cle qui a conquis l\u2019Europe enti\u00e8re.<\/p>\n\n\n\n<p>Il s\u2019agit d\u2019un th\u00e9\u00e2tre \u00e0 l\u2019italienne miniature tenant en g\u00e9n\u00e9ral sur une table. Les figurines sont \u00e0 l\u2019\u00e9chelle du th\u00e9\u00e2tre (8 \u00e0 12 cm). Elles sont actionn\u00e9es par des tirettes en carton ou en fer par le narrateur qui se tient g\u00e9n\u00e9ralement derri\u00e8re la table.<\/p>\n\n\n\n<p>Le d\u00e9fi que vous lancent les korrigans en ce d\u00e9but de mois de d\u00e9cembre est de cr\u00e9er un d\u00e9cor de th\u00e9\u00e2tre de papiers et des personnages \u00e0 partir des livres de la s\u00e9lection.<\/p>\n\n\n\n<p>Voici la proposition de Nathalie de la m\u00e9diath\u00e8que de Pleucadeuc pour r\u00e9aliser un th\u00e9\u00e2tre de papier&nbsp;:<\/p>\n\n\n\n<p><strong>Mat\u00e9riel&nbsp;:<\/strong> bo\u00eete en carton, photocopies d\u2019illustrations, papier type bristol, colle, ciseaux, r\u00e8gle, crayon gris, cutter<\/p>\n\n\n\n<p><strong>En amont de l\u2019atelier&nbsp;:<\/strong><\/p>\n\n\n\n<ul class=\"wp-block-list\">\n<li>Cr\u00e9er le th\u00e9\u00e2tre en carton depuis une boite \u00e0 chaussures ou un petit carton<\/li>\n\n\n\n<li>Photocopier plusieurs exemplaires d\u2019une illustration de livre (1 pour le fond, 1 pour le cadre\u2026)<\/li>\n<\/ul>\n\n\n\n<p><strong>Avec les enfants&nbsp;:<\/strong><\/p>\n\n\n\n<ul class=\"wp-block-list\">\n<li>D\u00e9couper les illustrations en fonction de l\u2019endroit du th\u00e9\u00e2tre sur lequel elles seront coll\u00e9es<\/li>\n\n\n\n<li>Positionner et coller<\/li>\n\n\n\n<li>Coller les illustrations des personnages sur du papier \u00e9pais type bristol et d\u00e9couper le contour<\/li>\n\n\n\n<li>Cr\u00e9er un sol neutre au th\u00e9\u00e2tre (qui rappelle la couleur de l\u2019illustration)<\/li>\n\n\n\n<li>Positionner les personnages.<\/li>\n<\/ul>\n\n\n\n<figure class=\"wp-block-image size-full\"><img loading=\"lazy\" decoding=\"async\" width=\"139\" height=\"130\" src=\"https:\/\/www.prix-des-korrigans.ovh\/wp-content\/uploads\/2023\/12\/Image2.jpg\" alt=\"\" class=\"wp-image-347\"\/><\/figure>\n\n\n\n<p>Le th\u00e9\u00e2tre de papier, vous connaissez&nbsp;?<\/p>\n\n\n\n<p>C\u2019est une forme th\u00e9\u00e2trale n\u00e9e en Angleterre au milieu du XIX\u00e8me si\u00e8cle qui a conquis l\u2019Europe enti\u00e8re.<\/p>\n\n\n\n<p>Il s\u2019agit d\u2019un th\u00e9\u00e2tre \u00e0 l\u2019italienne miniature tenant en g\u00e9n\u00e9ral sur une table. Les figurines sont \u00e0 l\u2019\u00e9chelle du th\u00e9\u00e2tre (8 \u00e0 12 cm). Elles sont actionn\u00e9es par des tirettes en carton ou en fer par le narrateur qui se tient g\u00e9n\u00e9ralement derri\u00e8re la table.<\/p>\n\n\n\n<p>Le d\u00e9fi que vous lancent les korrigans en ce d\u00e9but de mois de d\u00e9cembre est de cr\u00e9er un d\u00e9cor de th\u00e9\u00e2tre de papiers et des personnages \u00e0 partir des livres de la s\u00e9lection.<\/p>\n\n\n\n<p>Voici la proposition de Nathalie de la m\u00e9diath\u00e8que de Pleucadeuc pour r\u00e9aliser un th\u00e9\u00e2tre de papier&nbsp;:<\/p>\n\n\n\n<p><strong>Mat\u00e9riel&nbsp;:<\/strong> bo\u00eete en carton, photocopies d\u2019illustrations, papier type bristol, colle, ciseaux, r\u00e8gle, crayon gris, cutter<\/p>\n\n\n\n<p><strong>En amont de l\u2019atelier&nbsp;:<\/strong><\/p>\n\n\n\n<ul class=\"wp-block-list\">\n<li>Cr\u00e9er le th\u00e9\u00e2tre en carton depuis une boite \u00e0 chaussures ou un petit carton<\/li>\n\n\n\n<li>Photocopier plusieurs exemplaires d\u2019une illustration de livre (1 pour le fond, 1 pour le cadre\u2026)<\/li>\n<\/ul>\n\n\n\n<p><strong>Avec les enfants&nbsp;:<\/strong><\/p>\n\n\n\n<ul class=\"wp-block-list\">\n<li>D\u00e9couper les illustrations en fonction de l\u2019endroit du th\u00e9\u00e2tre sur lequel elles seront coll\u00e9es<\/li>\n\n\n\n<li>Positionner et coller<\/li>\n\n\n\n<li>Coller les illustrations des personnages sur du papier \u00e9pais type bristol et d\u00e9couper le contour<\/li>\n\n\n\n<li>Cr\u00e9er un sol neutre au th\u00e9\u00e2tre (qui rappelle la couleur de l\u2019illustration)<\/li>\n\n\n\n<li>Positionner les personnages.<\/li>\n<\/ul>\n\n\n\n<figure class=\"wp-block-image size-full\"><img loading=\"lazy\" decoding=\"async\" width=\"139\" height=\"130\" src=\"https:\/\/www.prix-des-korrigans.ovh\/wp-content\/uploads\/2023\/12\/Image2.jpg\" alt=\"\" class=\"wp-image-347\"\/><\/figure>\n\n\n\n<figure class=\"wp-block-image size-large\"><img loading=\"lazy\" decoding=\"async\" width=\"1024\" height=\"191\" src=\"http:\/\/www.prix-des-korrigans.ovh\/wp-content\/uploads\/2023\/11\/jeu-novembre-1024x191.png\" alt=\"\" class=\"wp-image-336\" srcset=\"https:\/\/www.prix-des-korrigans.ovh\/wp-content\/uploads\/2023\/11\/jeu-novembre-1024x191.png 1024w, https:\/\/www.prix-des-korrigans.ovh\/wp-content\/uploads\/2023\/11\/jeu-novembre-300x56.png 300w, https:\/\/www.prix-des-korrigans.ovh\/wp-content\/uploads\/2023\/11\/jeu-novembre-768x143.png 768w, https:\/\/www.prix-des-korrigans.ovh\/wp-content\/uploads\/2023\/11\/jeu-novembre.png 1415w\" sizes=\"auto, (max-width: 1024px) 100vw, 1024px\" \/><\/figure>\n\n\n\n<p>En novembre, les korrigans ont envie de jouer! Veux tu les aider en inventant un jeu \u00e0 partir des livres de la s\u00e9lection. Tu peux peux reprendre les r\u00e8gles d&rsquo;un autre jeu, en inventer de nouvelles. Tu fais ce que tu veux!<\/p>\n\n\n\n<p>Et si le jeu te plait, tu peux nous l&rsquo;envoyer: <strong>prixdeskorrigans@proton.me<\/strong><\/p>\n\n\n\n<p class=\"has-text-align-center has-large-font-size\">Mise en app\u00e9tit de lecture<\/p>\n\n\n\n<p>Pour mettre les enfants en app\u00e9tit, nous leur avons cuisin\u00e9 une s\u00e9quence de 4 s\u00e9ances.<\/p>\n\n\n\n<p>Le principe est simple: vous ouvrez le diaporama qui correspond \u00e0 la s\u00e9lection que vous avez choisie.<\/p>\n\n\n\n<p>L\u2019id\u00e9e? Associer un titre de livre \u00e0 un tableau, \u00e0 une musique ou encore chercher la quatri\u00e8me de couverture manquante.<\/p>\n\n\n\n<p>L\u2019objectif? Se mettre en app\u00e9tit, partager ce que l\u2019on imagine du livre, se donner l\u2019envie d\u2019en lire un en premier.Choisissez votre menu.<\/p>\n\n\n\n<p><strong>A d\u00e9guster sans mod\u00e9ration.<\/strong><\/p>\n\n\n\n<ul class=\"wp-block-list\">\n<li>Petites et moyennes sections: <a href=\"https:\/\/nuage.cpc-ploermel.fr\/index.php\/s\/CYfKjLQSdmxfx7T\">niveau 1<\/a><a href=\"https:\/\/nuage.cpc-ploermel.fr\/index.php\/s\/dFGdeSbbRrg4ZR5\">https:\/\/nuage.cpc-ploermel.fr\/index.php\/s\/dFGdeSbbRrg4ZR5<\/a><\/li>\n\n\n\n<li>Grandes sections \u2013 CP: <a href=\"https:\/\/nuage.cpc-ploermel.fr\/index.php\/s\/CYfKjLQSdmxfx7T\" data-type=\"link\" data-id=\"https:\/\/nuage.cpc-ploermel.fr\/index.php\/s\/CYfKjLQSdmxfx7T\">niveau 2<\/a><\/li>\n\n\n\n<li>CE: <a href=\"https:\/\/nuage.cpc-ploermel.fr\/index.php\/s\/Y3gLnXa3kyK3FnA\">niveau 3<\/a><\/li>\n\n\n\n<li>Cycle 3: <a href=\"https:\/\/nuage.cpc-ploermel.fr\/index.php\/s\/jJmS36d75jBjb8i\">niveau 4<\/a><\/li>\n<\/ul>\n\n\n\n<h2 class=\"wp-block-heading\">Livrets de lecteurs<\/h2>\n\n\n\n<p>Pour garder en m\u00e9moire son ann\u00e9e de lecture, quoi de mieux qu&rsquo;un livret de lecteur! Nous vous en proposons un par niveau, avec, en plus, des \u00e9tiquettes pr\u00e9par\u00e9es pour le compl\u00e9ter.<\/p>\n\n\n\n<p><a href=\"https:\/\/nuage.cpc-ploermel.fr\/index.php\/s\/8SaZGSiA6PJLnoX\">Livret de lecteurs pour le niveau 1<\/a><\/p>\n\n\n\n<p><a href=\"https:\/\/nuage.cpc-ploermel.fr\/index.php\/s\/7d7R7w4oJ8FYB6o\">Livret de lecteurs niveau 2<\/a><\/p>\n\n\n\n<p><a href=\"https:\/\/nuage.cpc-ploermel.fr\/index.php\/s\/fCMzeFCBMXMQMH7\">Livret de lecteurs niveau 3<\/a><\/p>\n\n\n\n<p><a href=\"https:\/\/nuage.cpc-ploermel.fr\/index.php\/s\/DCp3ZZGackSiH75\">Livret de lecteurs niveau 4<\/a><\/p>\n<\/div>","protected":false},"excerpt":{"rendered":"<p>Un petit retour sur le prix des korrigans 2024-2025. Vous avez \u00e9t\u00e9<a href=\"https:\/\/www.prix-des-korrigans.ovh\/index.php\/mise-en-appetit-de-lecture\/\">lire<i class=\"fa fa-long-arrow-right\" aria-hidden=\"true\"><\/i><\/a><\/p>\n","protected":false},"author":1,"featured_media":0,"parent":0,"menu_order":3,"comment_status":"closed","ping_status":"closed","template":"","meta":{"footnotes":""},"class_list":["post-126","page","type-page","status-publish","hentry"],"_links":{"self":[{"href":"https:\/\/www.prix-des-korrigans.ovh\/index.php\/wp-json\/wp\/v2\/pages\/126","targetHints":{"allow":["GET"]}}],"collection":[{"href":"https:\/\/www.prix-des-korrigans.ovh\/index.php\/wp-json\/wp\/v2\/pages"}],"about":[{"href":"https:\/\/www.prix-des-korrigans.ovh\/index.php\/wp-json\/wp\/v2\/types\/page"}],"author":[{"embeddable":true,"href":"https:\/\/www.prix-des-korrigans.ovh\/index.php\/wp-json\/wp\/v2\/users\/1"}],"replies":[{"embeddable":true,"href":"https:\/\/www.prix-des-korrigans.ovh\/index.php\/wp-json\/wp\/v2\/comments?post=126"}],"version-history":[{"count":25,"href":"https:\/\/www.prix-des-korrigans.ovh\/index.php\/wp-json\/wp\/v2\/pages\/126\/revisions"}],"predecessor-version":[{"id":758,"href":"https:\/\/www.prix-des-korrigans.ovh\/index.php\/wp-json\/wp\/v2\/pages\/126\/revisions\/758"}],"wp:attachment":[{"href":"https:\/\/www.prix-des-korrigans.ovh\/index.php\/wp-json\/wp\/v2\/media?parent=126"}],"curies":[{"name":"wp","href":"https:\/\/api.w.org\/{rel}","templated":true}]}}